

{"id":11461,"date":"2024-01-16T02:13:58","date_gmt":"2024-01-16T01:13:58","guid":{"rendered":"https:\/\/odun.fun\/fr\/?post_type=product&#038;p=11461"},"modified":"2024-01-25T03:52:47","modified_gmt":"2024-01-25T02:52:47","slug":"imprimante-thermique-de-recu-bluetooth-terminal-de-position-de-58mm","status":"publish","type":"product","link":"https:\/\/odun.davlite.com\/fr\/produit\/imprimante-thermique-de-recu-bluetooth-terminal-de-position-de-58mm\/","title":{"rendered":"Imprimante Thermique de re\u00e7u"},"content":{"rendered":"<p>Cette imprimante de re\u00e7us de\u00a0<strong>58 mm<\/strong> offre une impression de texte et de graphiques jusqu&#8217;\u00e0 <strong>90 mm<\/strong> par seconde, une fiabilit\u00e9 exceptionnelle et des fonctionnalit\u00e9s faciles \u00e0 utiliser.<\/p>\n<p>Offrant les fonctionnalit\u00e9s cl\u00e9s et les m\u00e9thodes de communication, elle a la flexibilit\u00e9 de r\u00e9pondre \u00e0 l&#8217;impression de re\u00e7us unique et sp\u00e9cifique \u00e0 vos besoins et \u00e0 la facilit\u00e9 d&#8217;utilisation requise pour faciliter la gestion de votre activit\u00e9.<\/p>\n<p>Il est largement utilis\u00e9 dans les centres commerciaux, les supermarch\u00e9s, les commerces de d\u00e9tail, les h\u00f4tels, les restaurants, etc.<\/p>\n<ul>\n<li>M\u00e9thode d&#8217;impression : thermique<\/li>\n<li>R\u00e9solution d&#8217;impression : 203 dpi<\/li>\n<li>Vitesse d&#8217;impression : jusqu&#8217;\u00e0 90 mm\/s<\/li>\n<li>Largeur du papier thermique : 58 mm<\/li>\n<\/ul>\n<p><strong>Caract\u00e9ristiques<\/strong><\/p>\n<ul>\n<li>1. Impression rapide de textes et de graphiques jusqu&#8217;\u00e0\u00a0<strong>90 mm\/s<\/strong><\/li>\n<li>2. Prise en charge du t\u00e9l\u00e9chargement et de l&#8217;impression du logo du magasin (fichier bmp)<\/li>\n<li>3. Prise en charge de l&#8217;impression de codes-barres<\/li>\n<li>4. Chargement du papier int\u00e9gr\u00e9<\/li>\n<li>5. Compatible avec Epson ESC\/POS<\/li>\n<li>6. Prise en charge des fen\u00eatres 32 bits\/64 bits<\/li>\n<li>7. Prise en charge de Windows, Linux et MacBook<\/li>\n<li>8. Poign\u00e9e du rouleau chaud Max 5760<\/li>\n<\/ul>\n<p><strong>avantage:<\/strong><\/p>\n<ul>\n<li>1. Op\u00e9ration simple<\/li>\n<li>2. Langue de l&#8217;acheteur<\/li>\n<li>3. Prise en charge du t\u00e9l\u00e9chargement et de l&#8217;impression du logo<\/li>\n<li>4. Prend en charge divers syst\u00e8mes d&#8217;exploitation<\/li>\n<li>5. Diverses interfaces, choix multiples<\/li>\n<li>6. Option coupeur partiel ou entier (int\u00e9gr\u00e9)<\/li>\n<li>Interface Ethernet 7.100 Mo, impression en temps opportun<\/li>\n<li>8. Programmation pour \u00e9viter la perte des commandes d&#8217;impression<\/li>\n<\/ul>\n<h2 class=\"hdr -upp -fs14 -m -pam\">VENDU AVEC LE PRODUIT<\/h2>\n<div class=\"markup -pam\">\n<ul>\n<li>Contenu de l&#8217;emballage de l&#8217;imprimante<\/li>\n<li>1 c\u00e2ble de donn\u00e9es (USB)<\/li>\n<li>1 cordon d&#8217;alimentation<\/li>\n<li>1 guide d&#8217;utilisation<\/li>\n<li>1 CD d&#8217;installation<\/li>\n<\/ul>\n<\/div>","protected":false},"excerpt":{"rendered":"<p>Imprimante Thermique printer de re\u00e7u Bluetooth &#8211; Terminal De Position De 58mm<\/p>","protected":false},"featured_media":11637,"comment_status":"open","ping_status":"closed","template":"","meta":[],"product_brand":[],"product_cat":[451,502,510],"product_tag":[631,633,632],"class_list":{"0":"post-11461","1":"product","2":"type-product","3":"status-publish","4":"has-post-thumbnail","6":"product_cat-informatique-electronique","7":"product_cat-appareil-de-bureau","8":"product_cat-materiel-dimpression","9":"product_tag-imprimante","10":"product_tag-recu","11":"product_tag-thermique","13":"first","14":"instock","15":"sale","16":"taxable","17":"shipping-taxable","18":"purchasable","19":"product-type-simple"},"_links":{"self":[{"href":"https:\/\/odun.davlite.com\/fr\/wp-json\/wp\/v2\/product\/11461","targetHints":{"allow":["GET"]}}],"collection":[{"href":"https:\/\/odun.davlite.com\/fr\/wp-json\/wp\/v2\/product"}],"about":[{"href":"https:\/\/odun.davlite.com\/fr\/wp-json\/wp\/v2\/types\/product"}],"replies":[{"embeddable":true,"href":"https:\/\/odun.davlite.com\/fr\/wp-json\/wp\/v2\/comments?post=11461"}],"version-history":[{"count":0,"href":"https:\/\/odun.davlite.com\/fr\/wp-json\/wp\/v2\/product\/11461\/revisions"}],"wp:featuredmedia":[{"embeddable":true,"href":"https:\/\/odun.davlite.com\/fr\/wp-json\/wp\/v2\/media\/11637"}],"wp:attachment":[{"href":"https:\/\/odun.davlite.com\/fr\/wp-json\/wp\/v2\/media?parent=11461"}],"wp:term":[{"taxonomy":"product_brand","embeddable":true,"href":"https:\/\/odun.davlite.com\/fr\/wp-json\/wp\/v2\/product_brand?post=11461"},{"taxonomy":"product_cat","embeddable":true,"href":"https:\/\/odun.davlite.com\/fr\/wp-json\/wp\/v2\/product_cat?post=11461"},{"taxonomy":"product_tag","embeddable":true,"href":"https:\/\/odun.davlite.com\/fr\/wp-json\/wp\/v2\/product_tag?post=11461"}],"curies":[{"name":"wp","href":"https:\/\/api.w.org\/{rel}","templated":true}]}}