

{"id":11653,"date":"2024-01-25T02:02:29","date_gmt":"2024-01-25T01:02:29","guid":{"rendered":"https:\/\/odun.fun\/fr\/?post_type=product&#038;p=11653"},"modified":"2024-03-24T20:13:46","modified_gmt":"2024-03-24T19:13:46","slug":"machine-a-presse-a4","status":"publish","type":"product","link":"https:\/\/odun.davlite.com\/fr\/produit\/machine-a-presse-a4\/","title":{"rendered":"Machine \u00e0 presse A4"},"content":{"rendered":"<p>Il est possible de fixer des textes ou des images sur divers mat\u00e9riaux, notamment les textiles, gr\u00e2ce \u00e0 la combinaison de la chaleur et de la pression dans une presse \u00e0 transfert ou \u00e0 chaud.<\/p>\n<p>Les motifs imprim\u00e9s \u00e0 l&#8217;aide d&#8217;une imprimante textile fonctionnent en chauffant simplement le papier \u00e0 transfert.<\/p>\n<p>Les motifs sont imprim\u00e9s avec des imprimantes jet d&#8217;encre ou laser classiques, et il est possible de les couper avec des plotters de d\u00e9coupe ou des outils manuels.<\/p>\n<hr \/>\n<p><strong>LES PLUS<\/strong><\/p>\n<p>\u2022 Nombreuses combinaisons de temp\u00e9rature, de temps de pressage et de pression<br \/>\n\u2022 Pour toutes les m\u00e9thodes de transfert \u00e0 chaud courantes (flock, flex, sublimation, etc.)<br \/>\n\u2022 Utilisables sur une grande vari\u00e9t\u00e9 de supports : tee-shirts, tote bags, tapis de souris, puzzles, carreaux de c\u00e9ramique et toutes autres surfaces plates, etc.<\/p>","protected":false},"excerpt":{"rendered":"<p>Machine presse \u00e0 chaud A4 &#8211; Presse \u00e0 transfert<\/p>","protected":false},"featured_media":11656,"comment_status":"open","ping_status":"closed","template":"","meta":[],"product_brand":[],"product_cat":[451,567,568],"product_tag":[661,660],"class_list":{"0":"post-11653","1":"product","2":"type-product","3":"status-publish","4":"has-post-thumbnail","6":"product_cat-informatique-electronique","7":"product_cat-autre-articles-et-accessoires","8":"product_cat-machine-a-presse-a4-et-pericullage","9":"product_tag-presse-a-chaud","10":"product_tag-presse-a4","12":"first","13":"instock","14":"sale","15":"taxable","16":"shipping-taxable","17":"purchasable","18":"product-type-simple"},"_links":{"self":[{"href":"https:\/\/odun.davlite.com\/fr\/wp-json\/wp\/v2\/product\/11653","targetHints":{"allow":["GET"]}}],"collection":[{"href":"https:\/\/odun.davlite.com\/fr\/wp-json\/wp\/v2\/product"}],"about":[{"href":"https:\/\/odun.davlite.com\/fr\/wp-json\/wp\/v2\/types\/product"}],"replies":[{"embeddable":true,"href":"https:\/\/odun.davlite.com\/fr\/wp-json\/wp\/v2\/comments?post=11653"}],"version-history":[{"count":0,"href":"https:\/\/odun.davlite.com\/fr\/wp-json\/wp\/v2\/product\/11653\/revisions"}],"wp:featuredmedia":[{"embeddable":true,"href":"https:\/\/odun.davlite.com\/fr\/wp-json\/wp\/v2\/media\/11656"}],"wp:attachment":[{"href":"https:\/\/odun.davlite.com\/fr\/wp-json\/wp\/v2\/media?parent=11653"}],"wp:term":[{"taxonomy":"product_brand","embeddable":true,"href":"https:\/\/odun.davlite.com\/fr\/wp-json\/wp\/v2\/product_brand?post=11653"},{"taxonomy":"product_cat","embeddable":true,"href":"https:\/\/odun.davlite.com\/fr\/wp-json\/wp\/v2\/product_cat?post=11653"},{"taxonomy":"product_tag","embeddable":true,"href":"https:\/\/odun.davlite.com\/fr\/wp-json\/wp\/v2\/product_tag?post=11653"}],"curies":[{"name":"wp","href":"https:\/\/api.w.org\/{rel}","templated":true}]}}