

{"id":11981,"date":"2024-06-10T14:21:24","date_gmt":"2024-06-10T12:21:24","guid":{"rendered":"https:\/\/odun.fun\/fr\/?post_type=product&#038;p=11981"},"modified":"2024-07-18T03:59:27","modified_gmt":"2024-07-18T01:59:27","slug":"savon-or-plus","status":"publish","type":"product","link":"https:\/\/odun.davlite.com\/fr\/produit\/savon-or-plus\/","title":{"rendered":"Savon &#8211; OR PLUS"},"content":{"rendered":"<p style=\"text-align: left\">Le savon gommant clarifiant et traitant orplus.<\/p>\n<p>Clarifie naturellement votre teint en \u00e9liminant les taches, les cicatrices, les points noirs et les irr\u00e9gularit\u00e9s de la peau pour un teint plus brillant et plus lumineux.<\/p>\n<p>C&#8217;est un soin quotidien pour un teint uniforme et naturel.<\/p>\n<p>Certainement le meilleure savon gommant sur le march\u00e9.<\/p>\n<p>Optez pour le beaut\u00e9 et la sant\u00e9 avec le Savon gommant clarifiant et traitant orplus.<\/p>\n<ol>\n<li>\u27a1\ufe0f NB: produit naturel, pas d&#8217;allergie ni d&#8217;effet secondaire.<\/li>\n<\/ol>","protected":false},"excerpt":{"rendered":"<p>Savon gommant clarifiant et traitant.<\/p>","protected":false},"featured_media":11860,"comment_status":"open","ping_status":"closed","template":"","meta":[],"product_brand":[],"product_cat":[183,377,379],"product_tag":[884],"class_list":{"0":"post-11981","1":"product","2":"type-product","3":"status-publish","4":"has-post-thumbnail","6":"product_cat-sante-beaute-et-bien-etre","7":"product_cat-cosmetique","8":"product_cat-savons","9":"product_tag-savon","11":"first","12":"instock","13":"sale","14":"taxable","15":"shipping-taxable","16":"purchasable","17":"product-type-simple"},"_links":{"self":[{"href":"https:\/\/odun.davlite.com\/fr\/wp-json\/wp\/v2\/product\/11981","targetHints":{"allow":["GET"]}}],"collection":[{"href":"https:\/\/odun.davlite.com\/fr\/wp-json\/wp\/v2\/product"}],"about":[{"href":"https:\/\/odun.davlite.com\/fr\/wp-json\/wp\/v2\/types\/product"}],"replies":[{"embeddable":true,"href":"https:\/\/odun.davlite.com\/fr\/wp-json\/wp\/v2\/comments?post=11981"}],"version-history":[{"count":0,"href":"https:\/\/odun.davlite.com\/fr\/wp-json\/wp\/v2\/product\/11981\/revisions"}],"wp:featuredmedia":[{"embeddable":true,"href":"https:\/\/odun.davlite.com\/fr\/wp-json\/wp\/v2\/media\/11860"}],"wp:attachment":[{"href":"https:\/\/odun.davlite.com\/fr\/wp-json\/wp\/v2\/media?parent=11981"}],"wp:term":[{"taxonomy":"product_brand","embeddable":true,"href":"https:\/\/odun.davlite.com\/fr\/wp-json\/wp\/v2\/product_brand?post=11981"},{"taxonomy":"product_cat","embeddable":true,"href":"https:\/\/odun.davlite.com\/fr\/wp-json\/wp\/v2\/product_cat?post=11981"},{"taxonomy":"product_tag","embeddable":true,"href":"https:\/\/odun.davlite.com\/fr\/wp-json\/wp\/v2\/product_tag?post=11981"}],"curies":[{"name":"wp","href":"https:\/\/api.w.org\/{rel}","templated":true}]}}