

{"id":12859,"date":"2024-07-20T03:58:50","date_gmt":"2024-07-20T01:58:50","guid":{"rendered":"https:\/\/odun.fun\/fr\/?post_type=product&#038;p=12859"},"modified":"2024-07-20T04:21:39","modified_gmt":"2024-07-20T02:21:39","slug":"nokia-105-double-sim","status":"publish","type":"product","link":"https:\/\/odun.davlite.com\/fr\/produit\/nokia-105-double-sim\/","title":{"rendered":"Nokia 105 Double SIM"},"content":{"rendered":"<p>Le\u00a0t\u00e9l\u00e9phone\u00a0est un appareil\u00a0de\u00a0communication\u00a0initialement con\u00e7u pour transmettre la\u00a0voix humaine\u00a0et pouvoir\u00a0communiquer\u00a0\u00e0 distance.<br \/>\nRemplissez-le, et partez toute la journ\u00e9e.\u200e Le Nokia 105 vous offre jusqu&#8217;\u00e0 12,5 heures d&#8217;autonomie en conversation.\u200e Et vous pouvez le laisser en veille jusqu&#8217;\u00e0 35 jours\u200e.\u200e Avec tout ce jus dans le r\u00e9servoir\u200e ,\u200e il continue aussi longtemps que vous.\u200e<\/p>\n<p><strong>Bon design :<\/strong> Faites une d\u00e9claration avec l&#8217;\u00e9cran couleur et le corps audacieux du Nokia 105, disponible en cyan ou noir. Et son look simple et lumineux est compl\u00e9t\u00e9 par un clavier durable, r\u00e9sistant \u00e0 la poussi\u00e8re et aux \u00e9claboussures, qui maintient votre t\u00e9l\u00e9phone fonctionne bien.\u200e<\/p>\n<p><strong>La vie simple :<\/strong> Ce sont les petits objets essentiels qui facilitent la vie.\u200e Comme cinq alarmes\u200e.\u200e Une horloge parlante\u200e.\u200e Et une lampe de poche pour ne jamais \u00eatre dans le noir\u200e.\u200e Le Nokia 105 dispose \u00e9galement d&#8217;une fonction FM : tout ce dont vous avez besoin est donc un casque pour acc\u00e9der \u00e0 un monde de musique.\u200e De plus, il est livr\u00e9 avec jusqu&#8217;\u00e0 cinq grands jeux\u200e,\u200e dont Sudoku et Cricket Cup\u200e.\u200e Les jeux pr\u00e9charg\u00e9s peuvent varier d&#8217;un pays \u00e0 l&#8217;autre\u200e.\u200e<\/p>\n<h3 class=\"hdr -upp -fs14 -m -pam\">CARACT\u00c9RISTIQUES<\/h3>\n<div>\n<div class=\"markup -pam\">\u00a0\u00a0\u00a0\u00a0 Messagerie SMS<br \/>\nFM<br \/>\nJeux<br \/>\nJava<br \/>\nCouleurs Noir\u200e,\u200e Cyan<br \/>\nHorloge digitale<br \/>\nCalculatrice<br \/>\nCalendrier<br \/>\nConvertisseur<br \/>\nGestionnaire des d\u00e9penses<\/div>\n<div><\/div>\n<\/div>\n<div class=\"markup -pam\">Afficher<\/p>\n<p>Type TFT\u200e,\u200e 65K couleurs<br \/>\nTaille 128 x 128 pixels\u200e,\u200e 1,45 pouces \u200e(~125 ppi densit\u00e9 de pixels\u200e)\u200e<\/p>\n<p>Son<\/p>\n<p>Types d&#8217;alertes Vibration\u200e\u00a0;\u200e Polyphonique<br \/>\nHaut-parleur<br \/>\nPrise 3,5 mm<\/p>\n<p>Batterie<\/p>\n<p>Batterie Li-Ion 800 (BL-5CB)<br \/>\nEn veille jusqu&#8217;\u00e0 840<br \/>\nTemps de conversation Jusqu&#8217;\u00e0 12 h 30 min<\/p><\/div>","protected":false},"excerpt":{"rendered":"<div class=\"-df -j-bet\">\n<div class=\"-pls -prl\">\n<p class=\"-fs20 -pts -pbxs\">Double SIM &#8211; Nokia 105 GSM 1.8&#8221; Radio FM Dual \/ Torche<\/p>\n<\/div>\n<p><a id=\"wishlist\" class=\"btn _i _rnd -mas -fsh0 -me-start _def\" href=\"https:\/\/www.jumia.ci\/customer\/account\/login\/?tkWl=NO228MP08B3PUNAFAMZ-35168881&amp;return=%2Fnokia-105-gsm-1.8-radio-fm-dual-double-sim-torche-26945931.html\" rel=\"nofollow\" data-sku=\"NO228MP08B3PUNAFAMZ\" data-track-onclick=\"wishlist\" data-simplesku=\"NO228MP08B3PUNAFAMZ-35168881\" data-pop-trig=\"atw\" data-pop-open=\"addToWishlist\" data-track-onclick-bound=\"true\"><\/a><\/div>\n<div class=\"-phs\"><\/div>","protected":false},"featured_media":12860,"comment_status":"open","ping_status":"closed","template":"","meta":[],"product_brand":[],"product_cat":[450,463,468],"product_tag":[895,894],"class_list":{"0":"post-12859","1":"product","2":"type-product","3":"status-publish","4":"has-post-thumbnail","6":"product_cat-telephones-et-accessoires","7":"product_cat-telephones-portables","8":"product_cat-autres-systemes","9":"product_tag-nokia","10":"product_tag-telephone","12":"first","13":"instock","14":"sale","15":"taxable","16":"shipping-taxable","17":"purchasable","18":"product-type-simple"},"_links":{"self":[{"href":"https:\/\/odun.davlite.com\/fr\/wp-json\/wp\/v2\/product\/12859","targetHints":{"allow":["GET"]}}],"collection":[{"href":"https:\/\/odun.davlite.com\/fr\/wp-json\/wp\/v2\/product"}],"about":[{"href":"https:\/\/odun.davlite.com\/fr\/wp-json\/wp\/v2\/types\/product"}],"replies":[{"embeddable":true,"href":"https:\/\/odun.davlite.com\/fr\/wp-json\/wp\/v2\/comments?post=12859"}],"version-history":[{"count":0,"href":"https:\/\/odun.davlite.com\/fr\/wp-json\/wp\/v2\/product\/12859\/revisions"}],"wp:featuredmedia":[{"embeddable":true,"href":"https:\/\/odun.davlite.com\/fr\/wp-json\/wp\/v2\/media\/12860"}],"wp:attachment":[{"href":"https:\/\/odun.davlite.com\/fr\/wp-json\/wp\/v2\/media?parent=12859"}],"wp:term":[{"taxonomy":"product_brand","embeddable":true,"href":"https:\/\/odun.davlite.com\/fr\/wp-json\/wp\/v2\/product_brand?post=12859"},{"taxonomy":"product_cat","embeddable":true,"href":"https:\/\/odun.davlite.com\/fr\/wp-json\/wp\/v2\/product_cat?post=12859"},{"taxonomy":"product_tag","embeddable":true,"href":"https:\/\/odun.davlite.com\/fr\/wp-json\/wp\/v2\/product_tag?post=12859"}],"curies":[{"name":"wp","href":"https:\/\/api.w.org\/{rel}","templated":true}]}}