

{"id":12968,"date":"2024-12-29T16:40:51","date_gmt":"2024-12-29T16:40:51","guid":{"rendered":"https:\/\/odun.fun\/fr\/?post_type=product&#038;p=12968"},"modified":"2024-12-29T16:46:57","modified_gmt":"2024-12-29T16:46:57","slug":"chapelet-electronique-2","status":"publish","type":"product","link":"https:\/\/odun.davlite.com\/fr\/produit\/chapelet-electronique-2\/","title":{"rendered":"CHAPELET \u00c9LECTRONIQUE"},"content":{"rendered":"<h3><strong>Fonction<\/strong><\/h3>\n<p><strong>1. \u00c0 propos des vibrations<\/strong><\/p>\n<p>&#8211; Vibre lorsque le nombre de tasbeeh atteint un multiple de 33<\/p>\n<p>&#8211; Le rappel Tasbeeh vibrera trois fois lorsque le temps est \u00e9coul\u00e9 et affichera : tasbeeh<\/p>\n<p>&#8211; Les rappels de pri\u00e8re quotidiens vibreront et afficheront le nom de la pri\u00e8re, tel que : fajr<\/p>\n<p>&#8211; La bague vibrera lorsque vous cliquerez sur \u00ab Trouver la bague \u00bb dans l&#8217;application<br \/>\n(Remarque\u00a0: pour une meilleure dur\u00e9e de vie de la batterie, notre concept de conception est de minimiser les vibrations, nous ne vibrons donc que dans les sc\u00e9narios n\u00e9cessaires)<\/p>\n<p>&#8211; Lorsque la batterie de la bague est faible, elle vibre pour vous le rappeler et affiche une ic\u00f4ne de batterie faible.<\/p>\n<p><strong>2. A propos des fonctionnalit\u00e9s de l&#8217;application<\/strong><\/p>\n<p>&#8211; Calcul de l&#8217;heure de pri\u00e8re quotidienne et param\u00e8tres de rappel : l&#8217;application calcule l&#8217;heure de pri\u00e8re quotidienne pour chaque jour en fonction des heures de lever et de coucher du soleil l\u00e0 o\u00f9 vous vous trouvez. L&#8217;horaire de pri\u00e8re est affich\u00e9 dans l&#8217;application et vous indique la distance entre la derni\u00e8re pri\u00e8re et la prochaine pri\u00e8re. Pendant combien de temps. Apr\u00e8s avoir activ\u00e9 le bouton de rappel, la bague vous rappellera de prier selon le programme de pri\u00e8re (apr\u00e8s avoir termin\u00e9 les r\u00e9glages, la bague peut fonctionner sans application)<\/p>\n<p>&#8211; Param\u00e8tres du plan Tasbeeh et param\u00e8tres de rappel : vous pouvez personnaliser votre propre plan tasbeeh, activer le bouton de rappel et la bague vous rappellera le tasbeeh tous les jours selon votre plan tasbeeh, vous rapprochant de plus en plus d&#8217;Allah (apr\u00e8s avoir termin\u00e9 les r\u00e9glages, la bague peut fonctionner sans application)<\/p>\n<p>&#8211; Stockage cloud : l&#8217;application synchronise vos donn\u00e9es tasbeeh quotidiennes. Apr\u00e8s avoir cliqu\u00e9 sur le bouton \u00ab t\u00e9l\u00e9chargement dans le cloud \u00bb, vos donn\u00e9es tasbeeh seront collect\u00e9es sur le serveur cloud au fil du temps. Vous pouvez clairement voir le nombre total de votre tasbeeh. (Cette fonctionnalit\u00e9 n\u00e9cessite que l&#8217;application continue de fonctionner en arri\u00e8re-plan du syst\u00e8me de t\u00e9l\u00e9phonie mobile, elle ne peut pas fonctionner sans l&#8217;application)<\/p>\n<p><strong>3. \u00c0 propos du bouton<\/strong><\/p>\n<p>&#8211; Appuyez et maintenez pendant 5 secondes, les donn\u00e9es tasbeeh seront effac\u00e9es sur l&#8217;\u00e9cran de l&#8217;anneau et les donn\u00e9es tasbeeh seront t\u00e9l\u00e9charg\u00e9es sur le cloud de l&#8217;application<\/p>\n<p>&#8211; Appuyez une fois lorsque l&#8217;\u00e9cran est noir : allume l&#8217;\u00e9cran et affiche l&#8217;heure<\/p>\n<p>&#8211; Appuyez lorsque l&#8217;\u00e9cran est allum\u00e9 : d\u00e9marrez le comptage tasbeeh<\/p>","protected":false},"excerpt":{"rendered":"<ol>\n<li style=\"text-align: left\"><strong>CHAPELET \u00c9LECTRONIQUE (Nouveaut\u00e9)<\/strong><\/li>\n<\/ol>\n<p>\u25a0 Disponible en taille unique<br \/>\n\u25a0 Vibre quand on atteint le quota de zikr et au heures de pri\u00e8res<br \/>\n\u25a0 Design tr\u00e8s chic<\/p>","protected":false},"featured_media":12960,"comment_status":"open","ping_status":"closed","template":"","meta":[],"product_brand":[],"product_cat":[180,290,291],"product_tag":[896,897,898],"class_list":{"0":"post-12968","1":"product","2":"type-product","3":"status-publish","4":"has-post-thumbnail","6":"product_cat-mode-islamique","7":"product_cat-accessoire-de-priere","8":"product_cat-chapele-moderne-et-electronique","9":"product_tag-champele","10":"product_tag-electronique","11":"product_tag-zikr","13":"first","14":"instock","15":"sale","16":"taxable","17":"shipping-taxable","18":"purchasable","19":"product-type-simple"},"_links":{"self":[{"href":"https:\/\/odun.davlite.com\/fr\/wp-json\/wp\/v2\/product\/12968","targetHints":{"allow":["GET"]}}],"collection":[{"href":"https:\/\/odun.davlite.com\/fr\/wp-json\/wp\/v2\/product"}],"about":[{"href":"https:\/\/odun.davlite.com\/fr\/wp-json\/wp\/v2\/types\/product"}],"replies":[{"embeddable":true,"href":"https:\/\/odun.davlite.com\/fr\/wp-json\/wp\/v2\/comments?post=12968"}],"version-history":[{"count":0,"href":"https:\/\/odun.davlite.com\/fr\/wp-json\/wp\/v2\/product\/12968\/revisions"}],"wp:featuredmedia":[{"embeddable":true,"href":"https:\/\/odun.davlite.com\/fr\/wp-json\/wp\/v2\/media\/12960"}],"wp:attachment":[{"href":"https:\/\/odun.davlite.com\/fr\/wp-json\/wp\/v2\/media?parent=12968"}],"wp:term":[{"taxonomy":"product_brand","embeddable":true,"href":"https:\/\/odun.davlite.com\/fr\/wp-json\/wp\/v2\/product_brand?post=12968"},{"taxonomy":"product_cat","embeddable":true,"href":"https:\/\/odun.davlite.com\/fr\/wp-json\/wp\/v2\/product_cat?post=12968"},{"taxonomy":"product_tag","embeddable":true,"href":"https:\/\/odun.davlite.com\/fr\/wp-json\/wp\/v2\/product_tag?post=12968"}],"curies":[{"name":"wp","href":"https:\/\/api.w.org\/{rel}","templated":true}]}}