

{"id":12977,"date":"2025-01-04T16:41:01","date_gmt":"2025-01-04T16:41:01","guid":{"rendered":"https:\/\/odun.fun\/fr\/?post_type=product&#038;p=12977"},"modified":"2025-01-04T16:51:08","modified_gmt":"2025-01-04T16:51:08","slug":"table-basse-centrale","status":"publish","type":"product","link":"https:\/\/odun.davlite.com\/fr\/produit\/table-basse-centrale\/","title":{"rendered":"TABLE BASSE CENTRALE"},"content":{"rendered":"<h1 class=\"sc-bdvvtL sc-1t56d2p-0 cSuvdO hnGsnS\">Table basse centrale<\/h1>\n<div class=\"sc-eb77lm-0 eqIzDK\">\n<div class=\"sc-eb77lm-1 cNawhm\">La table basse est un \u00e9l\u00e9ment essentiel de votre salon ou de votre espace de d\u00e9tente.<\/div>\n<div><\/div>\n<div class=\"sc-eb77lm-1 cNawhm\">Avec une longueur de 1m, cette table basse offre un espace g\u00e9n\u00e9reux pour poser vos magazines, t\u00e9l\u00e9commandes, tasses de caf\u00e9 et bien plus encore.<\/div>\n<\/div>","protected":false},"excerpt":{"rendered":"<p><strong>TABLE CENTRALE 60CM<\/strong><\/p>\n<p style=\"text-align: left\">\u25a0 Couleur disponible : comme sur les images<\/p>\n<p>\u25a0 Dimensions : 60cm * 60cm * 40cm<\/p>","protected":false},"featured_media":12979,"comment_status":"open","ping_status":"closed","template":"","meta":[],"product_brand":[],"product_cat":[456,724,725],"product_tag":[900,899,901,902],"class_list":{"0":"post-12977","1":"product","2":"type-product","3":"status-publish","4":"has-post-thumbnail","6":"product_cat-maison-et-quincaillerie","7":"product_cat-meubles-et-accessoires","8":"product_cat-meubles-de-salon","9":"product_tag-centrale","10":"product_tag-table","11":"product_tag-vitre","12":"product_tag-vitre-2","14":"first","15":"instock","16":"sale","17":"taxable","18":"shipping-taxable","19":"purchasable","20":"product-type-simple"},"_links":{"self":[{"href":"https:\/\/odun.davlite.com\/fr\/wp-json\/wp\/v2\/product\/12977","targetHints":{"allow":["GET"]}}],"collection":[{"href":"https:\/\/odun.davlite.com\/fr\/wp-json\/wp\/v2\/product"}],"about":[{"href":"https:\/\/odun.davlite.com\/fr\/wp-json\/wp\/v2\/types\/product"}],"replies":[{"embeddable":true,"href":"https:\/\/odun.davlite.com\/fr\/wp-json\/wp\/v2\/comments?post=12977"}],"version-history":[{"count":0,"href":"https:\/\/odun.davlite.com\/fr\/wp-json\/wp\/v2\/product\/12977\/revisions"}],"wp:featuredmedia":[{"embeddable":true,"href":"https:\/\/odun.davlite.com\/fr\/wp-json\/wp\/v2\/media\/12979"}],"wp:attachment":[{"href":"https:\/\/odun.davlite.com\/fr\/wp-json\/wp\/v2\/media?parent=12977"}],"wp:term":[{"taxonomy":"product_brand","embeddable":true,"href":"https:\/\/odun.davlite.com\/fr\/wp-json\/wp\/v2\/product_brand?post=12977"},{"taxonomy":"product_cat","embeddable":true,"href":"https:\/\/odun.davlite.com\/fr\/wp-json\/wp\/v2\/product_cat?post=12977"},{"taxonomy":"product_tag","embeddable":true,"href":"https:\/\/odun.davlite.com\/fr\/wp-json\/wp\/v2\/product_tag?post=12977"}],"curies":[{"name":"wp","href":"https:\/\/api.w.org\/{rel}","templated":true}]}}